{"id":831,"date":"2023-05-17T17:05:00","date_gmt":"2023-05-17T16:05:00","guid":{"rendered":"https:\/\/tstgroup.hr\/?page_id=831"},"modified":"2023-05-17T17:06:07","modified_gmt":"2023-05-17T16:06:07","slug":"pravila-privatnosti","status":"publish","type":"page","link":"https:\/\/tstgroup.hr\/en\/pravila-privatnosti\/","title":{"rendered":"Privacy policy"},"content":{"rendered":"<div data-elementor-type=\"wp-page\" data-elementor-id=\"831\" class=\"elementor elementor-831\" data-elementor-post-type=\"page\">\n\t\t\t\t\t\t<section class=\"elementor-section elementor-top-section elementor-element elementor-element-30ad6094 elementor-section-boxed elementor-section-height-default elementor-section-height-default\" data-id=\"30ad6094\" data-element_type=\"section\" data-e-type=\"section\">\n\t\t\t\t\t\t<div class=\"elementor-container elementor-column-gap-default\">\n\t\t\t\t\t<div class=\"elementor-column elementor-col-100 elementor-top-column elementor-element elementor-element-2b4562\" data-id=\"2b4562\" data-element_type=\"column\" data-e-type=\"column\">\n\t\t\t<div class=\"elementor-widget-wrap elementor-element-populated\">\n\t\t\t\t\t\t<div class=\"elementor-element elementor-element-1ef60a70 elementor-widget elementor-widget-heading\" data-id=\"1ef60a70\" data-element_type=\"widget\" data-e-type=\"widget\" data-widget_type=\"heading.default\">\n\t\t\t\t<div class=\"elementor-widget-container\">\n\t\t\t\t\t<h2 class=\"elementor-heading-title elementor-size-default\">Privacy policy<\/h2>\t\t\t\t<\/div>\n\t\t\t\t<\/div>\n\t\t\t\t<section class=\"elementor-section elementor-inner-section elementor-element elementor-element-4b8711d1 elementor-section-boxed elementor-section-height-default elementor-section-height-default\" data-id=\"4b8711d1\" data-element_type=\"section\" data-e-type=\"section\">\n\t\t\t\t\t\t<div class=\"elementor-container elementor-column-gap-default\">\n\t\t\t\t\t<div class=\"elementor-column elementor-col-50 elementor-inner-column elementor-element elementor-element-ceef1a0\" data-id=\"ceef1a0\" data-element_type=\"column\" data-e-type=\"column\">\n\t\t\t<div class=\"elementor-widget-wrap elementor-element-populated\">\n\t\t\t\t\t\t<div class=\"elementor-element elementor-element-c9ce151 elementor-widget elementor-widget-heading\" data-id=\"c9ce151\" data-element_type=\"widget\" data-e-type=\"widget\" data-widget_type=\"heading.default\">\n\t\t\t\t<div class=\"elementor-widget-container\">\n\t\t\t\t\t<h2 class=\"elementor-heading-title elementor-size-default\">Home page &gt;<\/h2>\t\t\t\t<\/div>\n\t\t\t\t<\/div>\n\t\t\t\t\t<\/div>\n\t\t<\/div>\n\t\t\t\t<div class=\"elementor-column elementor-col-50 elementor-inner-column elementor-element elementor-element-3711f80\" data-id=\"3711f80\" data-element_type=\"column\" data-e-type=\"column\">\n\t\t\t<div class=\"elementor-widget-wrap elementor-element-populated\">\n\t\t\t\t\t\t<div class=\"elementor-element elementor-element-1efbe812 elementor-widget elementor-widget-heading\" data-id=\"1efbe812\" data-element_type=\"widget\" data-e-type=\"widget\" data-widget_type=\"heading.default\">\n\t\t\t\t<div class=\"elementor-widget-container\">\n\t\t\t\t\t<h2 class=\"elementor-heading-title elementor-size-default\">Privacy policy<\/h2>\t\t\t\t<\/div>\n\t\t\t\t<\/div>\n\t\t\t\t\t<\/div>\n\t\t<\/div>\n\t\t\t\t\t<\/div>\n\t\t<\/section>\n\t\t\t\t\t<\/div>\n\t\t<\/div>\n\t\t\t\t\t<\/div>\n\t\t<\/section>\n\t\t\t\t<section class=\"elementor-section elementor-top-section elementor-element elementor-element-d0241db elementor-section-boxed elementor-section-height-default elementor-section-height-default\" data-id=\"d0241db\" data-element_type=\"section\" data-e-type=\"section\">\n\t\t\t\t\t\t<div class=\"elementor-container elementor-column-gap-default\">\n\t\t\t\t\t<div class=\"elementor-column elementor-col-100 elementor-top-column elementor-element elementor-element-b01731f\" data-id=\"b01731f\" data-element_type=\"column\" data-e-type=\"column\">\n\t\t\t<div class=\"elementor-widget-wrap elementor-element-populated\">\n\t\t\t\t\t\t<div class=\"elementor-element elementor-element-9dc94f1 elementor-widget elementor-widget-text-editor\" data-id=\"9dc94f1\" data-element_type=\"widget\" data-e-type=\"widget\" data-widget_type=\"text-editor.default\">\n\t\t\t\t<div class=\"elementor-widget-container\">\n\t\t\t\t\t\t\t\t\t<p><strong>TST Group doo<\/strong><\/p>\n<p>As part of our activity, we collect and process personal data provided by clients. Since protecting your privacy is a priority for us, we have adopted the following Privacy Policy.<\/p>\n<p>TST Group adheres to the following principles in order to protect your privacy:<br>\u2022 We do not collect more information than necessary;<br>\u2022 We do not use your data for purposes other than those specified;<br>\u2022 We do not store your data if it is no longer necessary;<br>\u2022 We never sell, lend, distribute or publicly publish your personal information;<br>\u2022 We do not send your data to third parties;<br>\u2022 We do not use any automated processing and decision-making or profiling;<br>\u2022 We do not transfer your personal data to a third country or international organization;<br>\u2022 We also check that your data is stored securely.<\/p>\n<p>TST Group collects only the limited amount of information about you that is necessary to respond to your request, and hopefully establish a long-term and reliable business relationship.<\/p>\n<p>We at TST Group have created a Privacy Policy that aims to help you understand what data we collect, for what purpose we use it and how you can exercise your rights.<\/p>\n<p>It is important to read our Privacy Policy and we hope you will take the time and your attention.<\/p>\n<p><strong>How and what data do we collect?<\/strong><\/p>\n<p>When you contact us via our web contact form or directly via our e-mail address. The information you fill in (personal information such as your name, email address, phone number) or send by direct email message will be processed and stored so that we can contact you and respond to your request. If you are under the age of 16, you must provide the consent of your parent or guardian before providing personal information. By filling out the contact forms on our site or contacting us directly via e-mail, you guarantee that the information you have provided is correct and that you fully agree with the provisions of our Privacy Policy and the conditions specified therein.<\/p>\n<p><strong>Information about the Manager of your data processing<\/strong><\/p>\n<p>The manager of the processing of this website and your personal data is TST Group doo, Put Bokanjca 52, 23000 Zadar.<\/p>\n<p><strong>What is the purpose and legal basis for collecting your data?<\/strong><\/p>\n<p>Undertaking the most appropriate activities at your request before entering into any business relationship, based on the company&#039;s business operations and its legitimate interest.<\/p>\n<p><strong>How long will your personal data be stored?<\/strong><\/p>\n<p>As long as we have open communication for the purpose of establishing joint business cooperation, as well as during the validity of our contractual relationship.<\/p>\n<p><strong>How will we use information about you?<\/strong><\/p>\n<p>We collect information about you so that we can contact you and respond to your request. We collect and use your necessary personal data for the purpose of establishing our business relationship, as well as during the validity of our contractual relationship. During the duration of the contractual relationship, TST Group will send you information about new products and services that we think may be of interest to you, if you gave your consent for the same when contacting our company via the web form. You can withdraw the consent you give us for this purpose at any time, in which case we will stop this processing.<\/p>\n<p><strong>Google Analytics<\/strong><\/p>\n<p>When collecting personal data, certain data may be stored by the Google Analytics platform. For more information about the privacy rules of the Google Analytics platform, you can find information via the following link:&nbsp;<a href=\"https:\/\/policies.google.com\/privacy?hl=hr\">https:\/\/policies.google.com\/privacy<\/a><\/p>\n<p><strong>Information security<\/strong><\/p>\n<p>We have provided security measures to protect the personal data you share with us. Your personal information is protected against accidental or unlawful destruction, loss, alteration, unauthorized disclosure or access to personal information that is transmitted, stored or otherwise processed.<\/p>\n<p><strong>About our website server<\/strong><\/p>\n<p>This website is hosted globally by a well-known service provider in the EU. This website is hosted by a globally known service provider in Germany and the EU, which the European Commission considers to ensure an adequate level of protection of the personal data of EU citizens.<\/p>\n<p><strong>cookies<\/strong><\/p>\n<p>To facilitate the browsing of our Internet pages, our global network server uses cookies. Cookies cannot be used to run programs or install viruses on your computer. Viewing our pages is also possible without the use of cookies, if your internet browser is set that way.<\/p>\n<p><strong>Your rights<\/strong><\/p>\n<p>You have the right to information about the processing of your personal data, to withdraw your consent at any time, to correct or supplement your personal data so that they are always accurate, to delete your personal data when they are no longer needed for the above purposes, to transfer your personal data in a structured form and submitting a complaint to TST Group at TST Group doo, Put Bokanjca 52, 23000 Zadar or at info@solhome.hr or the competent state authority.<\/p>\n<p><strong>Your consent<\/strong><\/p>\n<p>By using this website, you give your consent to this privacy policy, i.e. you give your express consent to TST Group to collect and further process your personal data, as well as any other data it learns about by providing its services in accordance with legal regulations, and all in accordance with the purpose defined in these rules. You also confirm that you are familiar with all relevant information about TST Group and the services it provides.<\/p>\n<p><strong>The right to submit a complaint to the competent authority<\/strong><\/p>\n<p>At any time, you can lodge a complaint directly with the competent supervisory authority: Personal Data Protection Agency (AZOP), Marti\u0107eva 14, Zagreb, contact: +385 (0)1 4609 999, azop@azop.hr, www.azop.hr.<\/p>\n<p><strong>Violation of personal data<\/strong><\/p>\n<p>We will report any illegal data breach to AZOP as the competent authority for data protection.<\/p>\n<p><strong>Changes to our privacy policy<\/strong><\/p>\n<p>In the event of changes to our privacy policy, we will notify you on this page and update the privacy policy change date below as follows.<\/p>\n<p><em>This Privacy Policy was updated on May 14, 2023.<\/em><\/p>\n<p><\/p>\t\t\t\t\t\t\t\t<\/div>\n\t\t\t\t<\/div>\n\t\t\t\t\t<\/div>\n\t\t<\/div>\n\t\t\t\t\t<\/div>\n\t\t<\/section>\n\t\t\t\t<\/div>","protected":false},"excerpt":{"rendered":"<p>Naslovna > TST Group d.o.o. U sklopu na\u0161e djelatnosti prikupljamo i obra\u0111ujemo osobne podatke koje nam dostave klijenti. Budu\u0107i da nam je za\u0161tita va\u0161e privatnosti prioritet, donijeli smo sljede\u0107a Pravila o privatnosti. TST Group se dr\u017ei sljede\u0107ih na\u010dela s ciljem za\u0161tite Va\u0161e privatnosti:\u2022 Ne prikupljamo vi\u0161e informacija nego \u0161to je potrebno;\u2022 Va\u0161e podatke ne koristimo [&hellip;]<\/p>\n","protected":false},"author":1,"featured_media":0,"parent":0,"menu_order":0,"comment_status":"closed","ping_status":"closed","template":"","meta":{"footnotes":""},"class_list":["post-831","page","type-page","status-publish","hentry"],"_links":{"self":[{"href":"https:\/\/tstgroup.hr\/en\/wp-json\/wp\/v2\/pages\/831","targetHints":{"allow":["GET"]}}],"collection":[{"href":"https:\/\/tstgroup.hr\/en\/wp-json\/wp\/v2\/pages"}],"about":[{"href":"https:\/\/tstgroup.hr\/en\/wp-json\/wp\/v2\/types\/page"}],"author":[{"embeddable":true,"href":"https:\/\/tstgroup.hr\/en\/wp-json\/wp\/v2\/users\/1"}],"replies":[{"embeddable":true,"href":"https:\/\/tstgroup.hr\/en\/wp-json\/wp\/v2\/comments?post=831"}],"version-history":[{"count":4,"href":"https:\/\/tstgroup.hr\/en\/wp-json\/wp\/v2\/pages\/831\/revisions"}],"predecessor-version":[{"id":836,"href":"https:\/\/tstgroup.hr\/en\/wp-json\/wp\/v2\/pages\/831\/revisions\/836"}],"wp:attachment":[{"href":"https:\/\/tstgroup.hr\/en\/wp-json\/wp\/v2\/media?parent=831"}],"curies":[{"name":"wp","href":"https:\/\/api.w.org\/{rel}","templated":true}]}}