{"id":825,"date":"2023-05-17T17:03:20","date_gmt":"2023-05-17T16:03:20","guid":{"rendered":"https:\/\/tstgroup.hr\/?page_id=825"},"modified":"2023-05-17T17:04:23","modified_gmt":"2023-05-17T16:04:23","slug":"opce-odredbe","status":"publish","type":"page","link":"https:\/\/tstgroup.hr\/en\/opce-odredbe\/","title":{"rendered":"General provisions"},"content":{"rendered":"<div data-elementor-type=\"wp-page\" data-elementor-id=\"825\" class=\"elementor elementor-825\" data-elementor-post-type=\"page\">\n\t\t\t\t\t\t<section class=\"elementor-section elementor-top-section elementor-element elementor-element-3b99b4b8 elementor-section-boxed elementor-section-height-default elementor-section-height-default\" data-id=\"3b99b4b8\" data-element_type=\"section\" data-e-type=\"section\">\n\t\t\t\t\t\t<div class=\"elementor-container elementor-column-gap-default\">\n\t\t\t\t\t<div class=\"elementor-column elementor-col-100 elementor-top-column elementor-element elementor-element-566ff24d\" data-id=\"566ff24d\" data-element_type=\"column\" data-e-type=\"column\">\n\t\t\t<div class=\"elementor-widget-wrap elementor-element-populated\">\n\t\t\t\t\t\t<div class=\"elementor-element elementor-element-c0e891f elementor-widget elementor-widget-heading\" data-id=\"c0e891f\" data-element_type=\"widget\" data-e-type=\"widget\" data-widget_type=\"heading.default\">\n\t\t\t\t<div class=\"elementor-widget-container\">\n\t\t\t\t\t<h2 class=\"elementor-heading-title elementor-size-default\">General provisions<\/h2>\t\t\t\t<\/div>\n\t\t\t\t<\/div>\n\t\t\t\t<section class=\"elementor-section elementor-inner-section elementor-element elementor-element-3ace6ef3 elementor-section-boxed elementor-section-height-default elementor-section-height-default\" data-id=\"3ace6ef3\" data-element_type=\"section\" data-e-type=\"section\">\n\t\t\t\t\t\t<div class=\"elementor-container elementor-column-gap-default\">\n\t\t\t\t\t<div class=\"elementor-column elementor-col-50 elementor-inner-column elementor-element elementor-element-2186de66\" data-id=\"2186de66\" data-element_type=\"column\" data-e-type=\"column\">\n\t\t\t<div class=\"elementor-widget-wrap elementor-element-populated\">\n\t\t\t\t\t\t<div class=\"elementor-element elementor-element-6d71d41e elementor-widget elementor-widget-heading\" data-id=\"6d71d41e\" data-element_type=\"widget\" data-e-type=\"widget\" data-widget_type=\"heading.default\">\n\t\t\t\t<div class=\"elementor-widget-container\">\n\t\t\t\t\t<h2 class=\"elementor-heading-title elementor-size-default\">Home page &gt;<\/h2>\t\t\t\t<\/div>\n\t\t\t\t<\/div>\n\t\t\t\t\t<\/div>\n\t\t<\/div>\n\t\t\t\t<div class=\"elementor-column elementor-col-50 elementor-inner-column elementor-element elementor-element-4e1f7335\" data-id=\"4e1f7335\" data-element_type=\"column\" data-e-type=\"column\">\n\t\t\t<div class=\"elementor-widget-wrap elementor-element-populated\">\n\t\t\t\t\t\t<div class=\"elementor-element elementor-element-30ac4f28 elementor-widget elementor-widget-heading\" data-id=\"30ac4f28\" data-element_type=\"widget\" data-e-type=\"widget\" data-widget_type=\"heading.default\">\n\t\t\t\t<div class=\"elementor-widget-container\">\n\t\t\t\t\t<h2 class=\"elementor-heading-title elementor-size-default\">General provisions<\/h2>\t\t\t\t<\/div>\n\t\t\t\t<\/div>\n\t\t\t\t\t<\/div>\n\t\t<\/div>\n\t\t\t\t\t<\/div>\n\t\t<\/section>\n\t\t\t\t\t<\/div>\n\t\t<\/div>\n\t\t\t\t\t<\/div>\n\t\t<\/section>\n\t\t\t\t<section class=\"elementor-section elementor-top-section elementor-element elementor-element-5cb27b1 elementor-section-boxed elementor-section-height-default elementor-section-height-default\" data-id=\"5cb27b1\" data-element_type=\"section\" data-e-type=\"section\">\n\t\t\t\t\t\t<div class=\"elementor-container elementor-column-gap-default\">\n\t\t\t\t\t<div class=\"elementor-column elementor-col-100 elementor-top-column elementor-element elementor-element-5286151\" data-id=\"5286151\" data-element_type=\"column\" data-e-type=\"column\">\n\t\t\t<div class=\"elementor-widget-wrap elementor-element-populated\">\n\t\t\t\t\t\t<div class=\"elementor-element elementor-element-5cdaed5 elementor-widget elementor-widget-text-editor\" data-id=\"5cdaed5\" data-element_type=\"widget\" data-e-type=\"widget\" data-widget_type=\"text-editor.default\">\n\t\t\t\t<div class=\"elementor-widget-container\">\n\t\t\t\t\t\t\t\t\t<p style=\"margin-top: 0cm;\"><strong><span style=\"font-size: 11.5pt; font-family: 'Arial',sans-serif; color: #222222;\">Article 1.<\/span><\/strong><\/p><p style=\"margin-top: 0cm; box-sizing: border-box; margin-bottom: 1rem; font-variant-ligatures: normal; font-variant-caps: normal; orphans: 2; widows: 2; -webkit-text-stroke-width: 0px; text-decoration-thickness: initial; text-decoration-style: initial; text-decoration-color: initial; word-spacing: 0px;\"><span style=\"font-size: 11.5pt; font-family: 'Arial',sans-serif; color: #222222;\">The general terms and conditions of the real estate broker&#039;s business (hereinafter: General Terms) regulate the business relationship between the real estate brokerage agency (hereinafter: the Broker) and the natural or legal person (hereinafter the principal) who enters into a written contract with the broker on mediation. The general conditions are an integral part of the mediation contract concluded between the mediator and the client.<\/span><\/p><p style=\"margin-top: 0cm; box-sizing: border-box; margin-bottom: 1rem; font-variant-ligatures: normal; font-variant-caps: normal; orphans: 2; widows: 2; -webkit-text-stroke-width: 0px; text-decoration-thickness: initial; text-decoration-style: initial; text-decoration-color: initial; word-spacing: 0px;\"><strong style=\"box-sizing: border-box;\"><span style=\"font-size: 11.5pt; font-family: 'Arial',sans-serif; color: #222222;\">Article 2.<\/span><\/strong><\/p><p style=\"margin-top: 0cm; box-sizing: border-box; margin-bottom: 1rem; font-variant-ligatures: normal; font-variant-caps: normal; orphans: 2; widows: 2; -webkit-text-stroke-width: 0px; text-decoration-thickness: initial; text-decoration-style: initial; text-decoration-color: initial; word-spacing: 0px;\"><span style=\"font-size: 11.5pt; font-family: 'Arial',sans-serif; color: #222222;\">Individual terms and names in terms of these General Terms and Conditions have the following meaning:<br style=\"box-sizing: border-box;\" \/>Real estate broker - TST Group doo, Put Bokanjca 52, 23000 Zadar<\/span><\/p><p style=\"margin-top: 0cm; box-sizing: border-box; margin-bottom: 1rem; font-variant-ligatures: normal; font-variant-caps: normal; orphans: 2; widows: 2; -webkit-text-stroke-width: 0px; text-decoration-thickness: initial; text-decoration-style: initial; text-decoration-color: initial; word-spacing: 0px;\"><span style=\"font-size: 11.5pt; font-family: 'Arial',sans-serif; color: #222222;\">Real estate brokerage is the activities of a real estate broker that relate to the connection between the client and a third party, as well as negotiations and preparations for the conclusion of legal transactions, the subject of which is a specific real estate, especially when buying, selling, exchanging, renting, leasing, etc.<\/span><\/p><p style=\"margin-top: 0cm; box-sizing: border-box; margin-bottom: 1rem; font-variant-ligatures: normal; font-variant-caps: normal; orphans: 2; widows: 2; -webkit-text-stroke-width: 0px; text-decoration-thickness: initial; text-decoration-style: initial; text-decoration-color: initial; word-spacing: 0px;\"><span style=\"font-size: 11.5pt; font-family: 'Arial',sans-serif; color: #222222;\"><br style=\"box-sizing: border-box;\" \/>The principal is a natural or legal person who concludes a written mediation agreement with a real estate broker (seller, buyer, lessee, lessor, lessor, lessee and other possible participants in real estate).<\/span><\/p><p style=\"margin-top: 0cm; box-sizing: border-box; margin-bottom: 1rem; font-variant-ligatures: normal; font-variant-caps: normal; orphans: 2; widows: 2; -webkit-text-stroke-width: 0px; text-decoration-thickness: initial; text-decoration-style: initial; text-decoration-color: initial; word-spacing: 0px;\"><span style=\"font-size: 11.5pt; font-family: 'Arial',sans-serif; color: #222222;\">Intermediary fee is the amount that the principal is obliged to pay to the intermediary for mediation services.<\/span><\/p><p style=\"margin-top: 0cm; box-sizing: border-box; margin-bottom: 1rem; font-variant-ligatures: normal; font-variant-caps: normal; orphans: 2; widows: 2; -webkit-text-stroke-width: 0px; text-decoration-thickness: initial; text-decoration-style: initial; text-decoration-color: initial; word-spacing: 0px;\"><strong style=\"box-sizing: border-box;\"><span style=\"font-size: 11.5pt; font-family: 'Arial',sans-serif; color: #222222;\">PROPERTY OFFER<\/span><\/strong><\/p><p style=\"margin-top: 0cm; box-sizing: border-box; margin-bottom: 1rem; font-variant-ligatures: normal; font-variant-caps: normal; orphans: 2; widows: 2; -webkit-text-stroke-width: 0px; text-decoration-thickness: initial; text-decoration-style: initial; text-decoration-color: initial; word-spacing: 0px;\"><strong style=\"box-sizing: border-box;\"><span style=\"font-size: 11.5pt; font-family: 'Arial',sans-serif; color: #222222;\">Article 3.<\/span><\/strong><\/p><p style=\"margin-top: 0cm; box-sizing: border-box; margin-bottom: 1rem; font-variant-ligatures: normal; font-variant-caps: normal; orphans: 2; widows: 2; -webkit-text-stroke-width: 0px; text-decoration-thickness: initial; text-decoration-style: initial; text-decoration-color: initial; word-spacing: 0px;\"><span style=\"font-size: 11.5pt; font-family: 'Arial',sans-serif; color: #222222;\">Our offer is based on the information we receive in writing and verbally from the client. There is a possibility of an error in the description and price of the property and the possibility that the advertised property has already been sold, rented or the owner of the property has given up on the sale.<\/span><\/p><p style=\"margin-top: 0cm; box-sizing: border-box; margin-bottom: 1rem; font-variant-ligatures: normal; font-variant-caps: normal; orphans: 2; widows: 2; -webkit-text-stroke-width: 0px; text-decoration-thickness: initial; text-decoration-style: initial; text-decoration-color: initial; word-spacing: 0px;\"><span style=\"font-size: 11.5pt; font-family: 'Arial',sans-serif; color: #222222;\">The recipient (principal) must keep our offers and notifications as a business secret and may only transfer them to a third party with our written approval.<\/span><\/p><p style=\"margin-top: 0cm; box-sizing: border-box; margin-bottom: 1rem; font-variant-ligatures: normal; font-variant-caps: normal; orphans: 2; widows: 2; -webkit-text-stroke-width: 0px; text-decoration-thickness: initial; text-decoration-style: initial; text-decoration-color: initial; word-spacing: 0px;\"><strong style=\"box-sizing: border-box;\"><span style=\"font-size: 11.5pt; font-family: 'Arial',sans-serif; color: #222222;\">REAL ESTATE PRICES<\/span><\/strong><\/p><p style=\"margin-top: 0cm; box-sizing: border-box; margin-bottom: 1rem; font-variant-ligatures: normal; font-variant-caps: normal; orphans: 2; widows: 2; -webkit-text-stroke-width: 0px; text-decoration-thickness: initial; text-decoration-style: initial; text-decoration-color: initial; word-spacing: 0px;\"><strong style=\"box-sizing: border-box;\"><span style=\"font-size: 11.5pt; font-family: 'Arial',sans-serif; color: #222222;\">Article 4.<\/span><\/strong><\/p><p style=\"margin-top: 0cm; box-sizing: border-box; margin-bottom: 1rem; font-variant-ligatures: normal; font-variant-caps: normal; orphans: 2; widows: 2; -webkit-text-stroke-width: 0px; text-decoration-thickness: initial; text-decoration-style: initial; text-decoration-color: initial; word-spacing: 0px;\"><span style=\"font-size: 11.5pt; font-family: 'Arial',sans-serif; color: #222222;\">Real estate prices are expressed in euros, and are payable in HRK equivalents.<\/span><\/p><p style=\"margin-top: 0cm; box-sizing: border-box; margin-bottom: 1rem; font-variant-ligatures: normal; font-variant-caps: normal; orphans: 2; widows: 2; -webkit-text-stroke-width: 0px; text-decoration-thickness: initial; text-decoration-style: initial; text-decoration-color: initial; word-spacing: 0px;\"><strong style=\"box-sizing: border-box;\"><span style=\"font-size: 11.5pt; font-family: 'Arial',sans-serif; color: #222222;\">MEDIATION AGREEMENT<\/span><\/strong><\/p><p style=\"margin-top: 0cm; box-sizing: border-box; margin-bottom: 1rem; font-variant-ligatures: normal; font-variant-caps: normal; orphans: 2; widows: 2; -webkit-text-stroke-width: 0px; text-decoration-thickness: initial; text-decoration-style: initial; text-decoration-color: initial; word-spacing: 0px;\"><strong style=\"box-sizing: border-box;\"><span style=\"font-size: 11.5pt; font-family: 'Arial',sans-serif; color: #222222;\">Article 5.<\/span><\/strong><\/p><p style=\"margin-top: 0cm; box-sizing: border-box; margin-bottom: 1rem; font-variant-ligatures: normal; font-variant-caps: normal; orphans: 2; widows: 2; -webkit-text-stroke-width: 0px; text-decoration-thickness: initial; text-decoration-style: initial; text-decoration-color: initial; word-spacing: 0px;\"><span style=\"font-size: 11.5pt; font-family: 'Arial',sans-serif; color: #222222;\">The mediation contract obliges the mediator to put in contact with the client a person who would negotiate with him about concluding a contract, and the client undertakes to pay him a certain commission, if the contract is concluded.<\/span><\/p><p style=\"margin-top: 0cm; box-sizing: border-box; margin-bottom: 1rem; font-variant-ligatures: normal; font-variant-caps: normal; orphans: 2; widows: 2; -webkit-text-stroke-width: 0px; text-decoration-thickness: initial; text-decoration-style: initial; text-decoration-color: initial; word-spacing: 0px;\"><span style=\"font-size: 11.5pt; font-family: 'Arial',sans-serif; color: #222222;\">The mediation agreement (hereinafter: mediation agreement) is concluded between the mediator and the client. In the brokerage contract, the essential data for the sale\/purchase of real estate must be truthfully, accurately and completely indicated.<\/span><\/p><p style=\"margin-top: 0cm; box-sizing: border-box; margin-bottom: 1rem; font-variant-ligatures: normal; font-variant-caps: normal; orphans: 2; widows: 2; -webkit-text-stroke-width: 0px; text-decoration-thickness: initial; text-decoration-style: initial; text-decoration-color: initial; word-spacing: 0px;\"><strong style=\"box-sizing: border-box;\"><span style=\"font-size: 11.5pt; font-family: 'Arial',sans-serif; color: #222222;\">BROKERAGE FEE<\/span><\/strong><\/p><p style=\"margin-top: 0cm; box-sizing: border-box; margin-bottom: 1rem; font-variant-ligatures: normal; font-variant-caps: normal; orphans: 2; widows: 2; -webkit-text-stroke-width: 0px; text-decoration-thickness: initial; text-decoration-style: initial; text-decoration-color: initial; word-spacing: 0px;\"><strong style=\"box-sizing: border-box;\"><span style=\"font-size: 11.5pt; font-family: 'Arial',sans-serif; color: #222222;\">Article 6.<\/span><\/strong><\/p><p style=\"margin-top: 0cm; box-sizing: border-box; margin-bottom: 1rem; font-variant-ligatures: normal; font-variant-caps: normal; orphans: 2; widows: 2; -webkit-text-stroke-width: 0px; text-decoration-thickness: initial; text-decoration-style: initial; text-decoration-color: initial; word-spacing: 0px;\"><span style=\"font-size: 11.5pt; font-family: 'Arial',sans-serif; color: #222222;\">The mediator for mediation is entitled to a mediation fee in the total amount of 3% (hereinafter: fee).<\/span><\/p><p style=\"margin-top: 0cm; box-sizing: border-box; margin-bottom: 1rem; font-variant-ligatures: normal; font-variant-caps: normal; orphans: 2; widows: 2; -webkit-text-stroke-width: 0px; text-decoration-thickness: initial; text-decoration-style: initial; text-decoration-color: initial; word-spacing: 0px;\"><span style=\"font-size: 11.5pt; font-family: 'Arial',sans-serif; color: #222222;\">The mediator is obliged to charge a fee for his work in the amount determined by the mediation agreement.<\/span><\/p><p style=\"margin-top: 0cm; box-sizing: border-box; margin-bottom: 1rem; font-variant-ligatures: normal; font-variant-caps: normal; orphans: 2; widows: 2; -webkit-text-stroke-width: 0px; text-decoration-thickness: initial; text-decoration-style: initial; text-decoration-color: initial; word-spacing: 0px;\"><span style=\"font-size: 11.5pt; font-family: 'Arial',sans-serif; color: #222222;\">The mediator acquires the right to mediation compensation in full, immediately after the conclusion of the first legal act concluded by the contracting parties (preliminary contract or sales contract).<\/span><\/p><p style=\"margin-top: 0cm; box-sizing: border-box; margin-bottom: 1rem; font-variant-ligatures: normal; font-variant-caps: normal; orphans: 2; widows: 2; -webkit-text-stroke-width: 0px; text-decoration-thickness: initial; text-decoration-style: initial; text-decoration-color: initial; word-spacing: 0px;\"><span style=\"font-size: 11.5pt; font-family: 'Arial',sans-serif; color: #222222;\">25% of VAT is charged on the compensation amount<\/span><\/p><p style=\"margin-top: 0cm; box-sizing: border-box; margin-bottom: 1rem; font-variant-ligatures: normal; font-variant-caps: normal; orphans: 2; widows: 2; -webkit-text-stroke-width: 0px; text-decoration-thickness: initial; text-decoration-style: initial; text-decoration-color: initial; word-spacing: 0px;\"><strong style=\"box-sizing: border-box;\"><span style=\"font-size: 11.5pt; font-family: 'Arial',sans-serif; color: #222222;\">PURCHASE AND SALE<\/span><\/strong><\/p><p style=\"margin-top: 0cm; box-sizing: border-box; margin-bottom: 1rem; font-variant-ligatures: normal; font-variant-caps: normal; orphans: 2; widows: 2; -webkit-text-stroke-width: 0px; text-decoration-thickness: initial; text-decoration-style: initial; text-decoration-color: initial; word-spacing: 0px;\"><span style=\"font-size: 11.5pt; font-family: 'Arial',sans-serif; color: #222222;\">The commission is charged as a percentage of the total amount of the purchase price<\/span><\/p><p style=\"margin-top: 0cm; box-sizing: border-box; margin-bottom: 1rem; font-variant-ligatures: normal; font-variant-caps: normal; orphans: 2; widows: 2; -webkit-text-stroke-width: 0px; text-decoration-thickness: initial; text-decoration-style: initial; text-decoration-color: initial; word-spacing: 0px;\"><span style=\"font-size: 11.5pt; font-family: 'Arial',sans-serif; color: #222222;\">Highest total commission 6%<\/span><\/p><p style=\"margin-top: 0cm; box-sizing: border-box; margin-bottom: 1rem; font-variant-ligatures: normal; font-variant-caps: normal; orphans: 2; widows: 2; -webkit-text-stroke-width: 0px; text-decoration-thickness: initial; text-decoration-style: initial; text-decoration-color: initial; word-spacing: 0px;\"><strong style=\"box-sizing: border-box;\"><span style=\"font-size: 11.5pt; font-family: 'Arial',sans-serif; color: #222222;\">SHOPPING<\/span><\/strong><\/p><p style=\"margin-top: 0cm; box-sizing: border-box; margin-bottom: 1rem; font-variant-ligatures: normal; font-variant-caps: normal; orphans: 2; widows: 2; -webkit-text-stroke-width: 0px; text-decoration-thickness: initial; text-decoration-style: initial; text-decoration-color: initial; word-spacing: 0px;\"><span style=\"font-size: 11.5pt; font-family: 'Arial',sans-serif; color: #222222;\">Brokerage commission when selling real estate (charged by the seller) 2-4 %, but not less than HRK 7,500.00<\/span><\/p><p style=\"margin-top: 0cm; box-sizing: border-box; margin-bottom: 1rem; font-variant-ligatures: normal; font-variant-caps: normal; orphans: 2; widows: 2; -webkit-text-stroke-width: 0px; text-decoration-thickness: initial; text-decoration-style: initial; text-decoration-color: initial; word-spacing: 0px;\"><strong style=\"box-sizing: border-box;\"><span style=\"font-size: 11.5pt; font-family: 'Arial',sans-serif; color: #222222;\">SALE<\/span><\/strong><\/p><p style=\"margin-top: 0cm; box-sizing: border-box; margin-bottom: 1rem; font-variant-ligatures: normal; font-variant-caps: normal; orphans: 2; widows: 2; -webkit-text-stroke-width: 0px; text-decoration-thickness: initial; text-decoration-style: initial; text-decoration-color: initial; word-spacing: 0px;\"><span style=\"font-size: 11.5pt; font-family: 'Arial',sans-serif; color: #222222;\">Brokerage commission when buying a property (charged from the buyer if we are looking for a property that is not in our offer) 1-3 %, but not less than HRK 7,000.00<\/span><\/p><p style=\"margin-top: 0cm; box-sizing: border-box; margin-bottom: 1rem; font-variant-ligatures: normal; font-variant-caps: normal; orphans: 2; widows: 2; -webkit-text-stroke-width: 0px; text-decoration-thickness: initial; text-decoration-style: initial; text-decoration-color: initial; word-spacing: 0px;\"><strong style=\"box-sizing: border-box;\"><span style=\"font-size: 11.5pt; font-family: 'Arial',sans-serif; color: #222222;\">REPLACEMENT<\/span><\/strong><\/p><p style=\"margin-top: 0cm; box-sizing: border-box; margin-bottom: 1rem; font-variant-ligatures: normal; font-variant-caps: normal; orphans: 2; widows: 2; -webkit-text-stroke-width: 0px; text-decoration-thickness: initial; text-decoration-style: initial; text-decoration-color: initial; word-spacing: 0px;\"><span style=\"font-size: 11.5pt; font-family: 'Arial',sans-serif; color: #222222;\">When exchanging real estate, a commission is charged from each party in the exchange, and the percentage is calculated from the value of the real estate that the party acquired by exchanging 2-3 %, but not less than HRK 8,000.00.<\/span><\/p><p style=\"margin-top: 0cm; box-sizing: border-box; margin-bottom: 1rem; font-variant-ligatures: normal; font-variant-caps: normal; orphans: 2; widows: 2; -webkit-text-stroke-width: 0px; text-decoration-thickness: initial; text-decoration-style: initial; text-decoration-color: initial; word-spacing: 0px;\"><strong style=\"box-sizing: border-box;\"><span style=\"font-size: 11.5pt; font-family: 'Arial',sans-serif; color: #222222;\">FINAL PROVISIONS<\/span><\/strong><\/p><p style=\"margin-top: 0cm; box-sizing: border-box; margin-bottom: 1rem; font-variant-ligatures: normal; font-variant-caps: normal; orphans: 2; widows: 2; -webkit-text-stroke-width: 0px; text-decoration-thickness: initial; text-decoration-style: initial; text-decoration-color: initial; word-spacing: 0px;\"><strong style=\"box-sizing: border-box;\"><span style=\"font-size: 11.5pt; font-family: 'Arial',sans-serif; color: #222222;\">Article 7.<\/span><\/strong><\/p><p style=\"margin-top: 0cm; box-sizing: border-box; margin-bottom: 1rem; font-variant-ligatures: normal; font-variant-caps: normal; orphans: 2; widows: 2; -webkit-text-stroke-width: 0px; text-decoration-thickness: initial; text-decoration-style: initial; text-decoration-color: initial; word-spacing: 0px;\"><span style=\"font-size: 11.5pt; font-family: 'Arial',sans-serif; color: #222222;\">For relations between the mediator and the agency and other persons concerned, which are not regulated by these General Terms and Conditions or the mediation agreement, the provisions of the Act on Real Estate Brokerage and the Obligatory Relations Act shall apply. The local competent court is responsible for legal disputes.<\/span><\/p>\t\t\t\t\t\t\t\t<\/div>\n\t\t\t\t<\/div>\n\t\t\t\t\t<\/div>\n\t\t<\/div>\n\t\t\t\t\t<\/div>\n\t\t<\/section>\n\t\t\t\t<\/div>","protected":false},"excerpt":{"rendered":"<p>Naslovna > \u010clanak 1. Op\u0107im uvjetima poslovanja posrednika u prometu nekretninama (u daljnjem tekstu: Op\u0107i uvjeti) ure\u0111uje se poslovni odnos izme\u0111u agencije za posredovanje u prometu nekretnina (u daljnjem tekstu: Posrednik) i fizi\u010dke ili pravne osobe (u daljnjem tekstu nalogodavac) koja sa posrednikom sklapa pisani ugovor o posredovanju. Op\u0107i uvjeti su sastavni dio ugovora o [&hellip;]<\/p>\n","protected":false},"author":1,"featured_media":0,"parent":0,"menu_order":0,"comment_status":"closed","ping_status":"closed","template":"","meta":{"footnotes":""},"class_list":["post-825","page","type-page","status-publish","hentry"],"_links":{"self":[{"href":"https:\/\/tstgroup.hr\/en\/wp-json\/wp\/v2\/pages\/825","targetHints":{"allow":["GET"]}}],"collection":[{"href":"https:\/\/tstgroup.hr\/en\/wp-json\/wp\/v2\/pages"}],"about":[{"href":"https:\/\/tstgroup.hr\/en\/wp-json\/wp\/v2\/types\/page"}],"author":[{"embeddable":true,"href":"https:\/\/tstgroup.hr\/en\/wp-json\/wp\/v2\/users\/1"}],"replies":[{"embeddable":true,"href":"https:\/\/tstgroup.hr\/en\/wp-json\/wp\/v2\/comments?post=825"}],"version-history":[{"count":4,"href":"https:\/\/tstgroup.hr\/en\/wp-json\/wp\/v2\/pages\/825\/revisions"}],"predecessor-version":[{"id":830,"href":"https:\/\/tstgroup.hr\/en\/wp-json\/wp\/v2\/pages\/825\/revisions\/830"}],"wp:attachment":[{"href":"https:\/\/tstgroup.hr\/en\/wp-json\/wp\/v2\/media?parent=825"}],"curies":[{"name":"wp","href":"https:\/\/api.w.org\/{rel}","templated":true}]}}