{"id":831,"date":"2023-05-17T17:05:00","date_gmt":"2023-05-17T16:05:00","guid":{"rendered":"https:\/\/tstgroup.hr\/?page_id=831"},"modified":"2023-05-17T17:06:07","modified_gmt":"2023-05-17T16:06:07","slug":"pravila-privatnosti","status":"publish","type":"page","link":"https:\/\/tstgroup.hr\/de\/pravila-privatnosti\/","title":{"rendered":"Datenschutz-Bestimmungen"},"content":{"rendered":"<div data-elementor-type=\"wp-page\" data-elementor-id=\"831\" class=\"elementor elementor-831\" data-elementor-post-type=\"page\">\n\t\t\t\t\t\t<section class=\"elementor-section elementor-top-section elementor-element elementor-element-30ad6094 elementor-section-boxed elementor-section-height-default elementor-section-height-default\" data-id=\"30ad6094\" data-element_type=\"section\" data-e-type=\"section\">\n\t\t\t\t\t\t<div class=\"elementor-container elementor-column-gap-default\">\n\t\t\t\t\t<div class=\"elementor-column elementor-col-100 elementor-top-column elementor-element elementor-element-2b4562\" data-id=\"2b4562\" data-element_type=\"column\" data-e-type=\"column\">\n\t\t\t<div class=\"elementor-widget-wrap elementor-element-populated\">\n\t\t\t\t\t\t<div class=\"elementor-element elementor-element-1ef60a70 elementor-widget elementor-widget-heading\" data-id=\"1ef60a70\" data-element_type=\"widget\" data-e-type=\"widget\" data-widget_type=\"heading.default\">\n\t\t\t\t<div class=\"elementor-widget-container\">\n\t\t\t\t\t<h2 class=\"elementor-heading-title elementor-size-default\">Datenschutz-Bestimmungen<\/h2>\t\t\t\t<\/div>\n\t\t\t\t<\/div>\n\t\t\t\t<section class=\"elementor-section elementor-inner-section elementor-element elementor-element-4b8711d1 elementor-section-boxed elementor-section-height-default elementor-section-height-default\" data-id=\"4b8711d1\" data-element_type=\"section\" data-e-type=\"section\">\n\t\t\t\t\t\t<div class=\"elementor-container elementor-column-gap-default\">\n\t\t\t\t\t<div class=\"elementor-column elementor-col-50 elementor-inner-column elementor-element elementor-element-ceef1a0\" data-id=\"ceef1a0\" data-element_type=\"column\" data-e-type=\"column\">\n\t\t\t<div class=\"elementor-widget-wrap elementor-element-populated\">\n\t\t\t\t\t\t<div class=\"elementor-element elementor-element-c9ce151 elementor-widget elementor-widget-heading\" data-id=\"c9ce151\" data-element_type=\"widget\" data-e-type=\"widget\" data-widget_type=\"heading.default\">\n\t\t\t\t<div class=\"elementor-widget-container\">\n\t\t\t\t\t<h2 class=\"elementor-heading-title elementor-size-default\">Startseite &gt;<\/h2>\t\t\t\t<\/div>\n\t\t\t\t<\/div>\n\t\t\t\t\t<\/div>\n\t\t<\/div>\n\t\t\t\t<div class=\"elementor-column elementor-col-50 elementor-inner-column elementor-element elementor-element-3711f80\" data-id=\"3711f80\" data-element_type=\"column\" data-e-type=\"column\">\n\t\t\t<div class=\"elementor-widget-wrap elementor-element-populated\">\n\t\t\t\t\t\t<div class=\"elementor-element elementor-element-1efbe812 elementor-widget elementor-widget-heading\" data-id=\"1efbe812\" data-element_type=\"widget\" data-e-type=\"widget\" data-widget_type=\"heading.default\">\n\t\t\t\t<div class=\"elementor-widget-container\">\n\t\t\t\t\t<h2 class=\"elementor-heading-title elementor-size-default\">Datenschutz-Bestimmungen<\/h2>\t\t\t\t<\/div>\n\t\t\t\t<\/div>\n\t\t\t\t\t<\/div>\n\t\t<\/div>\n\t\t\t\t\t<\/div>\n\t\t<\/section>\n\t\t\t\t\t<\/div>\n\t\t<\/div>\n\t\t\t\t\t<\/div>\n\t\t<\/section>\n\t\t\t\t<section class=\"elementor-section elementor-top-section elementor-element elementor-element-d0241db elementor-section-boxed elementor-section-height-default elementor-section-height-default\" data-id=\"d0241db\" data-element_type=\"section\" data-e-type=\"section\">\n\t\t\t\t\t\t<div class=\"elementor-container elementor-column-gap-default\">\n\t\t\t\t\t<div class=\"elementor-column elementor-col-100 elementor-top-column elementor-element elementor-element-b01731f\" data-id=\"b01731f\" data-element_type=\"column\" data-e-type=\"column\">\n\t\t\t<div class=\"elementor-widget-wrap elementor-element-populated\">\n\t\t\t\t\t\t<div class=\"elementor-element elementor-element-9dc94f1 elementor-widget elementor-widget-text-editor\" data-id=\"9dc94f1\" data-element_type=\"widget\" data-e-type=\"widget\" data-widget_type=\"text-editor.default\">\n\t\t\t\t<div class=\"elementor-widget-container\">\n\t\t\t\t\t\t\t\t\t<p><strong>TST Group doo<\/strong><\/p>\n<p>Im Rahmen unserer T\u00e4tigkeit erheben und verarbeiten wir personenbezogene Daten unserer Kunden. Da der Schutz Ihrer Privatsph\u00e4re f\u00fcr uns oberste Priorit\u00e4t hat, haben wir die folgende Datenschutzerkl\u00e4rung \u00fcbernommen.<\/p>\n<p>Die TST Group befolgt die folgenden Grunds\u00e4tze, um Ihre Privatsph\u00e4re zu sch\u00fctzen:<br>\u2022 Wir sammeln nicht mehr Informationen als n\u00f6tig;<br>\u2022 Wir verwenden Ihre Daten nicht f\u00fcr andere als die angegebenen Zwecke.<br>\u2022 Wir speichern Ihre Daten nicht, sofern diese nicht mehr erforderlich sind;<br>\u2022 Wir verkaufen, verleihen, verteilen oder ver\u00f6ffentlichen Ihre pers\u00f6nlichen Daten niemals;<br>\u2022 Wir geben Ihre Daten nicht an Dritte weiter;<br>\u2022 Wir nutzen keine automatisierte Verarbeitung und Entscheidungsfindung oder Profiling;<br>\u2022 Wir \u00fcbermitteln Ihre personenbezogenen Daten nicht an ein Drittland oder eine internationale Organisation;<br>\u2022 Wir pr\u00fcfen auch die sichere Speicherung Ihrer Daten.<\/p>\n<p>Die TST Group sammelt nur die begrenzte Menge an Informationen \u00fcber Sie, die zur Beantwortung Ihrer Anfrage und hoffentlich zum Aufbau einer langfristigen und zuverl\u00e4ssigen Gesch\u00e4ftsbeziehung erforderlich sind.<\/p>\n<p>Wir bei der TST Group haben eine Datenschutzrichtlinie erstellt, die Ihnen helfen soll zu verstehen, welche Daten wir sammeln, zu welchem Zweck wir sie verwenden und wie Sie Ihre Rechte aus\u00fcben k\u00f6nnen.<\/p>\n<p>Es ist wichtig, unsere Datenschutzrichtlinie zu lesen und wir hoffen, dass Sie sich die Zeit und Aufmerksamkeit nehmen.<\/p>\n<p><strong>Wie und welche Daten erheben wir?<\/strong><\/p>\n<p>Wenn Sie uns \u00fcber unser Web-Kontaktformular oder direkt \u00fcber unsere E-Mail-Adresse kontaktieren. Die von Ihnen eingegebenen (pers\u00f6nlichen Daten wie Name, E-Mail-Adresse, Telefonnummer) oder per E-Mail \u00fcbermittelten Informationen werden verarbeitet und gespeichert, damit wir Sie kontaktieren und auf Ihre Anfrage antworten k\u00f6nnen. Wenn Sie unter 16 Jahre alt sind, m\u00fcssen Sie vor der Bereitstellung personenbezogener Daten die Zustimmung Ihrer Eltern oder Erziehungsberechtigten einholen. Indem Sie die Kontaktformulare auf unserer Website ausf\u00fcllen oder uns direkt per E-Mail kontaktieren, garantieren Sie, dass die von Ihnen gemachten Angaben korrekt sind und dass Sie mit den Bestimmungen unserer Datenschutzerkl\u00e4rung und den darin genannten Bedingungen voll und ganz einverstanden sind.<\/p>\n<p><strong>Informationen zum Verantwortlichen Ihrer Datenverarbeitung<\/strong><\/p>\n<p>Der Verantwortliche f\u00fcr die Verarbeitung dieser Website und Ihrer personenbezogenen Daten ist TST Group doo, Put Bokanjca 52, 23000 Zadar.<\/p>\n<p><strong>Zu welchem Zweck und auf welcher Rechtsgrundlage werden Ihre Daten erhoben?<\/strong><\/p>\n<p>Durchf\u00fchrung der am besten geeigneten Aktivit\u00e4ten auf Ihren Wunsch hin, bevor Sie eine Gesch\u00e4ftsbeziehung eingehen, basierend auf der Gesch\u00e4ftst\u00e4tigkeit des Unternehmens und seinem berechtigten Interesse.<\/p>\n<p><strong>Wie lange werden Ihre personenbezogenen Daten gespeichert?<\/strong><\/p>\n<p>Soweit wir zum Zweck der Anbahnung einer gemeinsamen gesch\u00e4ftlichen Zusammenarbeit eine offene Kommunikation pflegen, sowie w\u00e4hrend der Dauer unseres Vertragsverh\u00e4ltnisses.<\/p>\n<p><strong>Wie werden wir Informationen \u00fcber Sie verwenden?<\/strong><\/p>\n<p>Wir sammeln Informationen \u00fcber Sie, damit wir Sie kontaktieren und auf Ihre Anfrage antworten k\u00f6nnen. Wir erheben und verwenden Ihre erforderlichen personenbezogenen Daten zum Zweck der Begr\u00fcndung unserer Gesch\u00e4ftsbeziehung sowie w\u00e4hrend der Dauer unserer Vertragsbeziehung. W\u00e4hrend der Dauer der Vertragsbeziehung wird Ihnen die TST Group Informationen \u00fcber neue Produkte und Dienstleistungen zusenden, die wir f\u00fcr Sie bereitstellen k\u00f6nnen f\u00fcr Sie von Interesse sein, wenn Sie bei der Kontaktaufnahme mit unserem Unternehmen \u00fcber das Webformular hierzu Ihre Einwilligung erteilt haben. Sie k\u00f6nnen Ihre uns hierf\u00fcr erteilte Einwilligung jederzeit widerrufen; in diesem Fall werden wir diese Verarbeitung einstellen.<\/p>\n<p><strong>Google Analytics<\/strong><\/p>\n<p>Bei der Erhebung personenbezogener Daten k\u00f6nnen bestimmte Daten von der Google Analytics-Plattform gespeichert werden. Weitere Informationen zu den Datenschutzbestimmungen der Google Analytics-Plattform finden Sie unter folgendem Link:&nbsp;<a href=\"https:\/\/policies.google.com\/privacy?hl=hr\">https:\/\/policies.google.com\/privacy<\/a><\/p>\n<p><strong>Informationssicherheit<\/strong><\/p>\n<p>Wir haben Sicherheitsma\u00dfnahmen getroffen, um die personenbezogenen Daten, die Sie uns mitteilen, zu sch\u00fctzen. Ihre personenbezogenen Daten werden vor versehentlicher oder unrechtm\u00e4\u00dfiger Zerst\u00f6rung, Verlust, \u00c4nderung, unbefugter Offenlegung oder Zugriff auf personenbezogene Daten, die \u00fcbermittelt, gespeichert oder anderweitig verarbeitet werden, gesch\u00fctzt.<\/p>\n<p><strong>\u00dcber unseren Website-Server<\/strong><\/p>\n<p>Diese Website wird weltweit von einem bekannten Dienstleister in der EU gehostet. Diese Website wird von einem weltweit bekannten Dienstleister in Deutschland und der EU gehostet, der nach Auffassung der Europ\u00e4ischen Kommission ein angemessenes Schutzniveau f\u00fcr die personenbezogenen Daten von EU-B\u00fcrgern gew\u00e4hrleistet.<\/p>\n<p><strong>Kekse<\/strong><\/p>\n<p>Um das Surfen auf unseren Internetseiten zu erleichtern, verwendet unser globaler Netzwerkserver Cookies. Cookies k\u00f6nnen nicht dazu verwendet werden, Programme auszuf\u00fchren oder Viren auf Ihrem Computer zu installieren. Die Betrachtung unserer Seiten ist auch ohne den Einsatz von Cookies m\u00f6glich, sofern Ihr Internetbrowser entsprechend eingestellt ist.<\/p>\n<p><strong>Deine Rechte<\/strong><\/p>\n<p>Sie haben das Recht, Auskunft \u00fcber die Verarbeitung Ihrer personenbezogenen Daten zu erhalten, Ihre Einwilligung jederzeit zu widerrufen, Ihre personenbezogenen Daten zu berichtigen oder zu erg\u00e4nzen, damit diese stets richtig sind, und Ihre personenbezogenen Daten zu l\u00f6schen, wenn sie f\u00fcr die oben genannten Zwecke nicht mehr ben\u00f6tigt werden Zwecke, Ihre pers\u00f6nlichen Daten in strukturierter Form zu \u00fcbermitteln und eine Beschwerde an TST Group unter TST Group doo, Put Bokanjca 52, 23000 Zadar oder unter info@solhome.hr oder an die zust\u00e4ndige staatliche Beh\u00f6rde einzureichen.<\/p>\n<p><strong>Ihr Einverst\u00e4ndnis<\/strong><\/p>\n<p>Durch die Nutzung dieser Website erkl\u00e4ren Sie sich mit dieser Datenschutzerkl\u00e4rung einverstanden, d. h. Sie erkl\u00e4ren sich ausdr\u00fccklich damit einverstanden, dass die TST Group Ihre personenbezogenen Daten sowie alle weiteren Daten, die ihr durch die Erbringung ihrer Leistungen bekannt werden, gem\u00e4\u00df den gesetzlichen Vorschriften erhebt und weiterverarbeitet und alles im Einklang mit dem in diesen Regeln definierten Zweck. Sie best\u00e4tigen au\u00dferdem, dass Sie mit allen relevanten Informationen \u00fcber die TST Group und die von ihr angebotenen Dienstleistungen vertraut sind.<\/p>\n<p><strong>Das Recht, eine Beschwerde bei der zust\u00e4ndigen Beh\u00f6rde einzureichen<\/strong><\/p>\n<p>Sie k\u00f6nnen jederzeit eine Beschwerde direkt bei der zust\u00e4ndigen Aufsichtsbeh\u00f6rde einreichen: Agentur f\u00fcr den Schutz personenbezogener Daten (AZOP), Marti\u0107eva 14, Zagreb, Kontakt: +385 (0)1 4609 999, azop@azop.hr, www.azop. Std.<\/p>\n<p><strong>Verletzung personenbezogener Daten<\/strong><\/p>\n<p>Wir werden jede rechtswidrige Datenschutzverletzung der AZOP als zust\u00e4ndiger Datenschutzbeh\u00f6rde melden.<\/p>\n<p><strong>\u00c4nderungen unserer Datenschutzerkl\u00e4rung<\/strong><\/p>\n<p>Im Falle von \u00c4nderungen unserer Datenschutzrichtlinie werden wir Sie auf dieser Seite benachrichtigen und das Datum der \u00c4nderung der Datenschutzrichtlinie unten wie folgt aktualisieren.<\/p>\n<p><em>Diese Datenschutzrichtlinie wurde am 14. Mai 2023 aktualisiert.<\/em><\/p>\n<p><\/p>\t\t\t\t\t\t\t\t<\/div>\n\t\t\t\t<\/div>\n\t\t\t\t\t<\/div>\n\t\t<\/div>\n\t\t\t\t\t<\/div>\n\t\t<\/section>\n\t\t\t\t<\/div>","protected":false},"excerpt":{"rendered":"<p>Naslovna > TST Group d.o.o. U sklopu na\u0161e djelatnosti prikupljamo i obra\u0111ujemo osobne podatke koje nam dostave klijenti. Budu\u0107i da nam je za\u0161tita va\u0161e privatnosti prioritet, donijeli smo sljede\u0107a Pravila o privatnosti. TST Group se dr\u017ei sljede\u0107ih na\u010dela s ciljem za\u0161tite Va\u0161e privatnosti:\u2022 Ne prikupljamo vi\u0161e informacija nego \u0161to je potrebno;\u2022 Va\u0161e podatke ne koristimo [&hellip;]<\/p>\n","protected":false},"author":1,"featured_media":0,"parent":0,"menu_order":0,"comment_status":"closed","ping_status":"closed","template":"","meta":{"footnotes":""},"class_list":["post-831","page","type-page","status-publish","hentry"],"_links":{"self":[{"href":"https:\/\/tstgroup.hr\/de\/wp-json\/wp\/v2\/pages\/831","targetHints":{"allow":["GET"]}}],"collection":[{"href":"https:\/\/tstgroup.hr\/de\/wp-json\/wp\/v2\/pages"}],"about":[{"href":"https:\/\/tstgroup.hr\/de\/wp-json\/wp\/v2\/types\/page"}],"author":[{"embeddable":true,"href":"https:\/\/tstgroup.hr\/de\/wp-json\/wp\/v2\/users\/1"}],"replies":[{"embeddable":true,"href":"https:\/\/tstgroup.hr\/de\/wp-json\/wp\/v2\/comments?post=831"}],"version-history":[{"count":4,"href":"https:\/\/tstgroup.hr\/de\/wp-json\/wp\/v2\/pages\/831\/revisions"}],"predecessor-version":[{"id":836,"href":"https:\/\/tstgroup.hr\/de\/wp-json\/wp\/v2\/pages\/831\/revisions\/836"}],"wp:attachment":[{"href":"https:\/\/tstgroup.hr\/de\/wp-json\/wp\/v2\/media?parent=831"}],"curies":[{"name":"wp","href":"https:\/\/api.w.org\/{rel}","templated":true}]}}