{"id":825,"date":"2023-05-17T17:03:20","date_gmt":"2023-05-17T16:03:20","guid":{"rendered":"https:\/\/tstgroup.hr\/?page_id=825"},"modified":"2023-05-17T17:04:23","modified_gmt":"2023-05-17T16:04:23","slug":"opce-odredbe","status":"publish","type":"page","link":"https:\/\/tstgroup.hr\/de\/opce-odredbe\/","title":{"rendered":"Allgemeine Bestimmungen"},"content":{"rendered":"<div data-elementor-type=\"wp-page\" data-elementor-id=\"825\" class=\"elementor elementor-825\" data-elementor-post-type=\"page\">\n\t\t\t\t\t\t<section class=\"elementor-section elementor-top-section elementor-element elementor-element-3b99b4b8 elementor-section-boxed elementor-section-height-default elementor-section-height-default\" data-id=\"3b99b4b8\" data-element_type=\"section\" data-e-type=\"section\">\n\t\t\t\t\t\t<div class=\"elementor-container elementor-column-gap-default\">\n\t\t\t\t\t<div class=\"elementor-column elementor-col-100 elementor-top-column elementor-element elementor-element-566ff24d\" data-id=\"566ff24d\" data-element_type=\"column\" data-e-type=\"column\">\n\t\t\t<div class=\"elementor-widget-wrap elementor-element-populated\">\n\t\t\t\t\t\t<div class=\"elementor-element elementor-element-c0e891f elementor-widget elementor-widget-heading\" data-id=\"c0e891f\" data-element_type=\"widget\" data-e-type=\"widget\" data-widget_type=\"heading.default\">\n\t\t\t\t<div class=\"elementor-widget-container\">\n\t\t\t\t\t<h2 class=\"elementor-heading-title elementor-size-default\">Allgemeine Bestimmungen<\/h2>\t\t\t\t<\/div>\n\t\t\t\t<\/div>\n\t\t\t\t<section class=\"elementor-section elementor-inner-section elementor-element elementor-element-3ace6ef3 elementor-section-boxed elementor-section-height-default elementor-section-height-default\" data-id=\"3ace6ef3\" data-element_type=\"section\" data-e-type=\"section\">\n\t\t\t\t\t\t<div class=\"elementor-container elementor-column-gap-default\">\n\t\t\t\t\t<div class=\"elementor-column elementor-col-50 elementor-inner-column elementor-element elementor-element-2186de66\" data-id=\"2186de66\" data-element_type=\"column\" data-e-type=\"column\">\n\t\t\t<div class=\"elementor-widget-wrap elementor-element-populated\">\n\t\t\t\t\t\t<div class=\"elementor-element elementor-element-6d71d41e elementor-widget elementor-widget-heading\" data-id=\"6d71d41e\" data-element_type=\"widget\" data-e-type=\"widget\" data-widget_type=\"heading.default\">\n\t\t\t\t<div class=\"elementor-widget-container\">\n\t\t\t\t\t<h2 class=\"elementor-heading-title elementor-size-default\">Startseite &gt;<\/h2>\t\t\t\t<\/div>\n\t\t\t\t<\/div>\n\t\t\t\t\t<\/div>\n\t\t<\/div>\n\t\t\t\t<div class=\"elementor-column elementor-col-50 elementor-inner-column elementor-element elementor-element-4e1f7335\" data-id=\"4e1f7335\" data-element_type=\"column\" data-e-type=\"column\">\n\t\t\t<div class=\"elementor-widget-wrap elementor-element-populated\">\n\t\t\t\t\t\t<div class=\"elementor-element elementor-element-30ac4f28 elementor-widget elementor-widget-heading\" data-id=\"30ac4f28\" data-element_type=\"widget\" data-e-type=\"widget\" data-widget_type=\"heading.default\">\n\t\t\t\t<div class=\"elementor-widget-container\">\n\t\t\t\t\t<h2 class=\"elementor-heading-title elementor-size-default\">Allgemeine Bestimmungen<\/h2>\t\t\t\t<\/div>\n\t\t\t\t<\/div>\n\t\t\t\t\t<\/div>\n\t\t<\/div>\n\t\t\t\t\t<\/div>\n\t\t<\/section>\n\t\t\t\t\t<\/div>\n\t\t<\/div>\n\t\t\t\t\t<\/div>\n\t\t<\/section>\n\t\t\t\t<section class=\"elementor-section elementor-top-section elementor-element elementor-element-5cb27b1 elementor-section-boxed elementor-section-height-default elementor-section-height-default\" data-id=\"5cb27b1\" data-element_type=\"section\" data-e-type=\"section\">\n\t\t\t\t\t\t<div class=\"elementor-container elementor-column-gap-default\">\n\t\t\t\t\t<div class=\"elementor-column elementor-col-100 elementor-top-column elementor-element elementor-element-5286151\" data-id=\"5286151\" data-element_type=\"column\" data-e-type=\"column\">\n\t\t\t<div class=\"elementor-widget-wrap elementor-element-populated\">\n\t\t\t\t\t\t<div class=\"elementor-element elementor-element-5cdaed5 elementor-widget elementor-widget-text-editor\" data-id=\"5cdaed5\" data-element_type=\"widget\" data-e-type=\"widget\" data-widget_type=\"text-editor.default\">\n\t\t\t\t<div class=\"elementor-widget-container\">\n\t\t\t\t\t\t\t\t\t<p style=\"margin-top: 0cm;\"><strong><span style=\"font-size: 11.5pt; font-family: 'Arial',sans-serif; color: #222222;\">Artikel 1.<\/span><\/strong><\/p><p style=\"margin-top: 0cm; box-sizing: border-box; margin-bottom: 1rem; font-variant-ligatures: normal; font-variant-caps: normal; orphans: 2; widows: 2; -webkit-text-stroke-width: 0px; text-decoration-thickness: initial; text-decoration-style: initial; text-decoration-color: initial; word-spacing: 0px;\"><span style=\"font-size: 11.5pt; font-family: 'Arial',sans-serif; color: #222222;\">Die Allgemeinen Gesch\u00e4ftsbedingungen des Immobilienmaklers (im Folgenden: Allgemeine Gesch\u00e4ftsbedingungen) regeln die Gesch\u00e4ftsbeziehung zwischen dem Immobilienmakler (im Folgenden: Makler) und der nat\u00fcrlichen oder juristischen Person (im Folgenden: Auftraggeber), die einen schriftlichen Vertrag abschlie\u00dft mit dem Makler auf Vermittlung. Die Allgemeinen Gesch\u00e4ftsbedingungen sind integraler Bestandteil des zwischen dem Mediator und dem Auftraggeber geschlossenen Mediationsvertrags.<\/span><\/p><p style=\"margin-top: 0cm; box-sizing: border-box; margin-bottom: 1rem; font-variant-ligatures: normal; font-variant-caps: normal; orphans: 2; widows: 2; -webkit-text-stroke-width: 0px; text-decoration-thickness: initial; text-decoration-style: initial; text-decoration-color: initial; word-spacing: 0px;\"><strong style=\"box-sizing: border-box;\"><span style=\"font-size: 11.5pt; font-family: 'Arial',sans-serif; color: #222222;\">Artikel 2.<\/span><\/strong><\/p><p style=\"margin-top: 0cm; box-sizing: border-box; margin-bottom: 1rem; font-variant-ligatures: normal; font-variant-caps: normal; orphans: 2; widows: 2; -webkit-text-stroke-width: 0px; text-decoration-thickness: initial; text-decoration-style: initial; text-decoration-color: initial; word-spacing: 0px;\"><span style=\"font-size: 11.5pt; font-family: 'Arial',sans-serif; color: #222222;\">Einzelne Begriffe und Bezeichnungen im Sinne dieser Allgemeinen Gesch\u00e4ftsbedingungen haben folgende Bedeutung:<br style=\"box-sizing: border-box;\" \/>Immobilienmakler - TST Group doo, Put Bokanjca 52, 23000 Zadar<\/span><\/p><p style=\"margin-top: 0cm; box-sizing: border-box; margin-bottom: 1rem; font-variant-ligatures: normal; font-variant-caps: normal; orphans: 2; widows: 2; -webkit-text-stroke-width: 0px; text-decoration-thickness: initial; text-decoration-style: initial; text-decoration-color: initial; word-spacing: 0px;\"><span style=\"font-size: 11.5pt; font-family: 'Arial',sans-serif; color: #222222;\">Unter Immobilienvermittlung versteht man T\u00e4tigkeiten eines Immobilienmaklers, die sich auf die Verbindung zwischen dem Auftraggeber und einem Dritten sowie auf Verhandlungen und Vorbereitungen zum Abschluss von Rechtsgesch\u00e4ften beziehen, deren Gegenstand eine bestimmte Immobilie ist, insbesondere beim Kauf , Verkauf, Tausch, Vermietung, Leasing usw.<\/span><\/p><p style=\"margin-top: 0cm; box-sizing: border-box; margin-bottom: 1rem; font-variant-ligatures: normal; font-variant-caps: normal; orphans: 2; widows: 2; -webkit-text-stroke-width: 0px; text-decoration-thickness: initial; text-decoration-style: initial; text-decoration-color: initial; word-spacing: 0px;\"><span style=\"font-size: 11.5pt; font-family: 'Arial',sans-serif; color: #222222;\"><br style=\"box-sizing: border-box;\" \/>Der Auftraggeber ist eine nat\u00fcrliche oder juristische Person, die mit einem Immobilienmakler (Verk\u00e4ufer, K\u00e4ufer, Mieter, Vermieter, Vermieter, P\u00e4chter und weiteren m\u00f6glichen Immobilienbeteiligten) einen schriftlichen Vermittlungsvertrag abschlie\u00dft.<\/span><\/p><p style=\"margin-top: 0cm; box-sizing: border-box; margin-bottom: 1rem; font-variant-ligatures: normal; font-variant-caps: normal; orphans: 2; widows: 2; -webkit-text-stroke-width: 0px; text-decoration-thickness: initial; text-decoration-style: initial; text-decoration-color: initial; word-spacing: 0px;\"><span style=\"font-size: 11.5pt; font-family: 'Arial',sans-serif; color: #222222;\">Die Vermittlungsgeb\u00fchr ist der Betrag, den der Auftraggeber dem Vermittler f\u00fcr Vermittlungsleistungen zahlen muss.<\/span><\/p><p style=\"margin-top: 0cm; box-sizing: border-box; margin-bottom: 1rem; font-variant-ligatures: normal; font-variant-caps: normal; orphans: 2; widows: 2; -webkit-text-stroke-width: 0px; text-decoration-thickness: initial; text-decoration-style: initial; text-decoration-color: initial; word-spacing: 0px;\"><strong style=\"box-sizing: border-box;\"><span style=\"font-size: 11.5pt; font-family: 'Arial',sans-serif; color: #222222;\">IMMOBILIENANGEBOT<\/span><\/strong><\/p><p style=\"margin-top: 0cm; box-sizing: border-box; margin-bottom: 1rem; font-variant-ligatures: normal; font-variant-caps: normal; orphans: 2; widows: 2; -webkit-text-stroke-width: 0px; text-decoration-thickness: initial; text-decoration-style: initial; text-decoration-color: initial; word-spacing: 0px;\"><strong style=\"box-sizing: border-box;\"><span style=\"font-size: 11.5pt; font-family: 'Arial',sans-serif; color: #222222;\">Artikel 3.<\/span><\/strong><\/p><p style=\"margin-top: 0cm; box-sizing: border-box; margin-bottom: 1rem; font-variant-ligatures: normal; font-variant-caps: normal; orphans: 2; widows: 2; -webkit-text-stroke-width: 0px; text-decoration-thickness: initial; text-decoration-style: initial; text-decoration-color: initial; word-spacing: 0px;\"><span style=\"font-size: 11.5pt; font-family: 'Arial',sans-serif; color: #222222;\">Unser Angebot basiert auf den Informationen, die wir vom Kunden schriftlich und m\u00fcndlich erhalten. Es besteht die M\u00f6glichkeit eines Fehlers in der Beschreibung und dem Preis der Immobilie sowie die M\u00f6glichkeit, dass die beworbene Immobilie bereits verkauft oder vermietet wurde oder der Eigent\u00fcmer der Immobilie den Verkauf aufgegeben hat.<\/span><\/p><p style=\"margin-top: 0cm; box-sizing: border-box; margin-bottom: 1rem; font-variant-ligatures: normal; font-variant-caps: normal; orphans: 2; widows: 2; -webkit-text-stroke-width: 0px; text-decoration-thickness: initial; text-decoration-style: initial; text-decoration-color: initial; word-spacing: 0px;\"><span style=\"font-size: 11.5pt; font-family: 'Arial',sans-serif; color: #222222;\">Der Empf\u00e4nger (Auftraggeber) hat unsere Angebote und Mitteilungen als Gesch\u00e4ftsgeheimnis zu behandeln und darf sie nur mit unserer schriftlichen Zustimmung an Dritte weitergeben.<\/span><\/p><p style=\"margin-top: 0cm; box-sizing: border-box; margin-bottom: 1rem; font-variant-ligatures: normal; font-variant-caps: normal; orphans: 2; widows: 2; -webkit-text-stroke-width: 0px; text-decoration-thickness: initial; text-decoration-style: initial; text-decoration-color: initial; word-spacing: 0px;\"><strong style=\"box-sizing: border-box;\"><span style=\"font-size: 11.5pt; font-family: 'Arial',sans-serif; color: #222222;\">IMMOBILIENPREISE<\/span><\/strong><\/p><p style=\"margin-top: 0cm; box-sizing: border-box; margin-bottom: 1rem; font-variant-ligatures: normal; font-variant-caps: normal; orphans: 2; widows: 2; -webkit-text-stroke-width: 0px; text-decoration-thickness: initial; text-decoration-style: initial; text-decoration-color: initial; word-spacing: 0px;\"><strong style=\"box-sizing: border-box;\"><span style=\"font-size: 11.5pt; font-family: 'Arial',sans-serif; color: #222222;\">Artikel 4.<\/span><\/strong><\/p><p style=\"margin-top: 0cm; box-sizing: border-box; margin-bottom: 1rem; font-variant-ligatures: normal; font-variant-caps: normal; orphans: 2; widows: 2; -webkit-text-stroke-width: 0px; text-decoration-thickness: initial; text-decoration-style: initial; text-decoration-color: initial; word-spacing: 0px;\"><span style=\"font-size: 11.5pt; font-family: 'Arial',sans-serif; color: #222222;\">Die Immobilienpreise werden in Euro ausgedr\u00fcckt und sind in HRK-\u00c4quivalenten zu zahlen.<\/span><\/p><p style=\"margin-top: 0cm; box-sizing: border-box; margin-bottom: 1rem; font-variant-ligatures: normal; font-variant-caps: normal; orphans: 2; widows: 2; -webkit-text-stroke-width: 0px; text-decoration-thickness: initial; text-decoration-style: initial; text-decoration-color: initial; word-spacing: 0px;\"><strong style=\"box-sizing: border-box;\"><span style=\"font-size: 11.5pt; font-family: 'Arial',sans-serif; color: #222222;\">MEDIATIONSVEREINBARUNG<\/span><\/strong><\/p><p style=\"margin-top: 0cm; box-sizing: border-box; margin-bottom: 1rem; font-variant-ligatures: normal; font-variant-caps: normal; orphans: 2; widows: 2; -webkit-text-stroke-width: 0px; text-decoration-thickness: initial; text-decoration-style: initial; text-decoration-color: initial; word-spacing: 0px;\"><strong style=\"box-sizing: border-box;\"><span style=\"font-size: 11.5pt; font-family: 'Arial',sans-serif; color: #222222;\">Artikel 5.<\/span><\/strong><\/p><p style=\"margin-top: 0cm; box-sizing: border-box; margin-bottom: 1rem; font-variant-ligatures: normal; font-variant-caps: normal; orphans: 2; widows: 2; -webkit-text-stroke-width: 0px; text-decoration-thickness: initial; text-decoration-style: initial; text-decoration-color: initial; word-spacing: 0px;\"><span style=\"font-size: 11.5pt; font-family: 'Arial',sans-serif; color: #222222;\">Der Mediationsvertrag verpflichtet den Mediator dazu, dem Klienten eine Person zu vermitteln, die mit ihm \u00fcber den Abschluss eines Vertrages verhandelt, und der Klient verpflichtet sich, ihm eine bestimmte Provision zu zahlen, wenn der Vertrag zustande kommt.<\/span><\/p><p style=\"margin-top: 0cm; box-sizing: border-box; margin-bottom: 1rem; font-variant-ligatures: normal; font-variant-caps: normal; orphans: 2; widows: 2; -webkit-text-stroke-width: 0px; text-decoration-thickness: initial; text-decoration-style: initial; text-decoration-color: initial; word-spacing: 0px;\"><span style=\"font-size: 11.5pt; font-family: 'Arial',sans-serif; color: #222222;\">Der Mediationsvertrag (im Folgenden: Mediationsvertrag) kommt zwischen dem Mediator und dem Mandanten zustande. Im Maklervertrag sind die f\u00fcr den Verkauf\/Kauf einer Immobilie wesentlichen Daten wahrheitsgem\u00e4\u00df, genau und vollst\u00e4ndig anzugeben.<\/span><\/p><p style=\"margin-top: 0cm; box-sizing: border-box; margin-bottom: 1rem; font-variant-ligatures: normal; font-variant-caps: normal; orphans: 2; widows: 2; -webkit-text-stroke-width: 0px; text-decoration-thickness: initial; text-decoration-style: initial; text-decoration-color: initial; word-spacing: 0px;\"><strong style=\"box-sizing: border-box;\"><span style=\"font-size: 11.5pt; font-family: 'Arial',sans-serif; color: #222222;\">MAKLERGEB\u00dcHR<\/span><\/strong><\/p><p style=\"margin-top: 0cm; box-sizing: border-box; margin-bottom: 1rem; font-variant-ligatures: normal; font-variant-caps: normal; orphans: 2; widows: 2; -webkit-text-stroke-width: 0px; text-decoration-thickness: initial; text-decoration-style: initial; text-decoration-color: initial; word-spacing: 0px;\"><strong style=\"box-sizing: border-box;\"><span style=\"font-size: 11.5pt; font-family: 'Arial',sans-serif; color: #222222;\">Artikel 6.<\/span><\/strong><\/p><p style=\"margin-top: 0cm; box-sizing: border-box; margin-bottom: 1rem; font-variant-ligatures: normal; font-variant-caps: normal; orphans: 2; widows: 2; -webkit-text-stroke-width: 0px; text-decoration-thickness: initial; text-decoration-style: initial; text-decoration-color: initial; word-spacing: 0px;\"><span style=\"font-size: 11.5pt; font-family: 'Arial',sans-serif; color: #222222;\">Der Mediator f\u00fcr die Mediation hat Anspruch auf eine Mediationsgeb\u00fchr in H\u00f6he von insgesamt 3% (im Folgenden: Geb\u00fchr).<\/span><\/p><p style=\"margin-top: 0cm; box-sizing: border-box; margin-bottom: 1rem; font-variant-ligatures: normal; font-variant-caps: normal; orphans: 2; widows: 2; -webkit-text-stroke-width: 0px; text-decoration-thickness: initial; text-decoration-style: initial; text-decoration-color: initial; word-spacing: 0px;\"><span style=\"font-size: 11.5pt; font-family: 'Arial',sans-serif; color: #222222;\">Der Mediator ist verpflichtet, f\u00fcr seine T\u00e4tigkeit ein Honorar in der im Mediationsvertrag festgelegten H\u00f6he zu erheben.<\/span><\/p><p style=\"margin-top: 0cm; box-sizing: border-box; margin-bottom: 1rem; font-variant-ligatures: normal; font-variant-caps: normal; orphans: 2; widows: 2; -webkit-text-stroke-width: 0px; text-decoration-thickness: initial; text-decoration-style: initial; text-decoration-color: initial; word-spacing: 0px;\"><span style=\"font-size: 11.5pt; font-family: 'Arial',sans-serif; color: #222222;\">Der Mediator erwirbt den Anspruch auf die Mediationsverg\u00fctung in voller H\u00f6he unmittelbar nach Abschluss der ersten zwischen den Vertragsparteien geschlossenen Rechtshandlung (Vorvertrag oder Kaufvertrag).<\/span><\/p><p style=\"margin-top: 0cm; box-sizing: border-box; margin-bottom: 1rem; font-variant-ligatures: normal; font-variant-caps: normal; orphans: 2; widows: 2; -webkit-text-stroke-width: 0px; text-decoration-thickness: initial; text-decoration-style: initial; text-decoration-color: initial; word-spacing: 0px;\"><span style=\"font-size: 11.5pt; font-family: 'Arial',sans-serif; color: #222222;\">Auf den Entsch\u00e4digungsbetrag werden 25% Mehrwertsteuer erhoben<\/span><\/p><p style=\"margin-top: 0cm; box-sizing: border-box; margin-bottom: 1rem; font-variant-ligatures: normal; font-variant-caps: normal; orphans: 2; widows: 2; -webkit-text-stroke-width: 0px; text-decoration-thickness: initial; text-decoration-style: initial; text-decoration-color: initial; word-spacing: 0px;\"><strong style=\"box-sizing: border-box;\"><span style=\"font-size: 11.5pt; font-family: 'Arial',sans-serif; color: #222222;\">AN UND VERKAUF<\/span><\/strong><\/p><p style=\"margin-top: 0cm; box-sizing: border-box; margin-bottom: 1rem; font-variant-ligatures: normal; font-variant-caps: normal; orphans: 2; widows: 2; -webkit-text-stroke-width: 0px; text-decoration-thickness: initial; text-decoration-style: initial; text-decoration-color: initial; word-spacing: 0px;\"><span style=\"font-size: 11.5pt; font-family: 'Arial',sans-serif; color: #222222;\">Die Provision wird prozentual vom Gesamtbetrag des Kaufpreises berechnet<\/span><\/p><p style=\"margin-top: 0cm; box-sizing: border-box; margin-bottom: 1rem; font-variant-ligatures: normal; font-variant-caps: normal; orphans: 2; widows: 2; -webkit-text-stroke-width: 0px; text-decoration-thickness: initial; text-decoration-style: initial; text-decoration-color: initial; word-spacing: 0px;\"><span style=\"font-size: 11.5pt; font-family: 'Arial',sans-serif; color: #222222;\">H\u00f6chste Gesamtprovision 6%<\/span><\/p><p style=\"margin-top: 0cm; box-sizing: border-box; margin-bottom: 1rem; font-variant-ligatures: normal; font-variant-caps: normal; orphans: 2; widows: 2; -webkit-text-stroke-width: 0px; text-decoration-thickness: initial; text-decoration-style: initial; text-decoration-color: initial; word-spacing: 0px;\"><strong style=\"box-sizing: border-box;\"><span style=\"font-size: 11.5pt; font-family: 'Arial',sans-serif; color: #222222;\">EINKAUFEN<\/span><\/strong><\/p><p style=\"margin-top: 0cm; box-sizing: border-box; margin-bottom: 1rem; font-variant-ligatures: normal; font-variant-caps: normal; orphans: 2; widows: 2; -webkit-text-stroke-width: 0px; text-decoration-thickness: initial; text-decoration-style: initial; text-decoration-color: initial; word-spacing: 0px;\"><span style=\"font-size: 11.5pt; font-family: 'Arial',sans-serif; color: #222222;\">Maklerprovision beim Verkauf von Immobilien (wird vom Verk\u00e4ufer berechnet) 2-4 %, jedoch nicht weniger als 7.500,00 HRK<\/span><\/p><p style=\"margin-top: 0cm; box-sizing: border-box; margin-bottom: 1rem; font-variant-ligatures: normal; font-variant-caps: normal; orphans: 2; widows: 2; -webkit-text-stroke-width: 0px; text-decoration-thickness: initial; text-decoration-style: initial; text-decoration-color: initial; word-spacing: 0px;\"><strong style=\"box-sizing: border-box;\"><span style=\"font-size: 11.5pt; font-family: 'Arial',sans-serif; color: #222222;\">VERKAUF<\/span><\/strong><\/p><p style=\"margin-top: 0cm; box-sizing: border-box; margin-bottom: 1rem; font-variant-ligatures: normal; font-variant-caps: normal; orphans: 2; widows: 2; -webkit-text-stroke-width: 0px; text-decoration-thickness: initial; text-decoration-style: initial; text-decoration-color: initial; word-spacing: 0px;\"><span style=\"font-size: 11.5pt; font-family: 'Arial',sans-serif; color: #222222;\">Maklerprovision beim Kauf einer Immobilie (wird dem K\u00e4ufer in Rechnung gestellt, wenn wir eine Immobilie suchen, die nicht in unserem Angebot enthalten ist) 1-3 %, jedoch nicht weniger als 7.000,00 HRK<\/span><\/p><p style=\"margin-top: 0cm; box-sizing: border-box; margin-bottom: 1rem; font-variant-ligatures: normal; font-variant-caps: normal; orphans: 2; widows: 2; -webkit-text-stroke-width: 0px; text-decoration-thickness: initial; text-decoration-style: initial; text-decoration-color: initial; word-spacing: 0px;\"><strong style=\"box-sizing: border-box;\"><span style=\"font-size: 11.5pt; font-family: 'Arial',sans-serif; color: #222222;\">ERSATZ<\/span><\/strong><\/p><p style=\"margin-top: 0cm; box-sizing: border-box; margin-bottom: 1rem; font-variant-ligatures: normal; font-variant-caps: normal; orphans: 2; widows: 2; -webkit-text-stroke-width: 0px; text-decoration-thickness: initial; text-decoration-style: initial; text-decoration-color: initial; word-spacing: 0px;\"><span style=\"font-size: 11.5pt; font-family: 'Arial',sans-serif; color: #222222;\">Beim Immobilientausch wird von jeder Tauschpartei eine Provision erhoben, und der Prozentsatz wird aus dem Wert der Immobilie berechnet, die die Partei durch den Tausch von 2-3 % erworben hat, jedoch nicht weniger als 8.000,00 HRK.<\/span><\/p><p style=\"margin-top: 0cm; box-sizing: border-box; margin-bottom: 1rem; font-variant-ligatures: normal; font-variant-caps: normal; orphans: 2; widows: 2; -webkit-text-stroke-width: 0px; text-decoration-thickness: initial; text-decoration-style: initial; text-decoration-color: initial; word-spacing: 0px;\"><strong style=\"box-sizing: border-box;\"><span style=\"font-size: 11.5pt; font-family: 'Arial',sans-serif; color: #222222;\">SCHLUSSBESTIMMUNGEN<\/span><\/strong><\/p><p style=\"margin-top: 0cm; box-sizing: border-box; margin-bottom: 1rem; font-variant-ligatures: normal; font-variant-caps: normal; orphans: 2; widows: 2; -webkit-text-stroke-width: 0px; text-decoration-thickness: initial; text-decoration-style: initial; text-decoration-color: initial; word-spacing: 0px;\"><strong style=\"box-sizing: border-box;\"><span style=\"font-size: 11.5pt; font-family: 'Arial',sans-serif; color: #222222;\">Artikel 7.<\/span><\/strong><\/p><p style=\"margin-top: 0cm; box-sizing: border-box; margin-bottom: 1rem; font-variant-ligatures: normal; font-variant-caps: normal; orphans: 2; widows: 2; -webkit-text-stroke-width: 0px; text-decoration-thickness: initial; text-decoration-style: initial; text-decoration-color: initial; word-spacing: 0px;\"><span style=\"font-size: 11.5pt; font-family: 'Arial',sans-serif; color: #222222;\">F\u00fcr Beziehungen zwischen dem Vermittler und der Agentur sowie anderen betroffenen Personen, die nicht durch diese Allgemeinen Gesch\u00e4ftsbedingungen oder den Vermittlungsvertrag geregelt werden, gelten die Bestimmungen des Immobilienvermittlungsgesetzes und des Pflichtbeziehungsgesetzes. F\u00fcr Rechtsstreitigkeiten ist das \u00f6rtlich zust\u00e4ndige Gericht zust\u00e4ndig.<\/span><\/p>\t\t\t\t\t\t\t\t<\/div>\n\t\t\t\t<\/div>\n\t\t\t\t\t<\/div>\n\t\t<\/div>\n\t\t\t\t\t<\/div>\n\t\t<\/section>\n\t\t\t\t<\/div>","protected":false},"excerpt":{"rendered":"<p>Naslovna > \u010clanak 1. Op\u0107im uvjetima poslovanja posrednika u prometu nekretninama (u daljnjem tekstu: Op\u0107i uvjeti) ure\u0111uje se poslovni odnos izme\u0111u agencije za posredovanje u prometu nekretnina (u daljnjem tekstu: Posrednik) i fizi\u010dke ili pravne osobe (u daljnjem tekstu nalogodavac) koja sa posrednikom sklapa pisani ugovor o posredovanju. Op\u0107i uvjeti su sastavni dio ugovora o [&hellip;]<\/p>\n","protected":false},"author":1,"featured_media":0,"parent":0,"menu_order":0,"comment_status":"closed","ping_status":"closed","template":"","meta":{"footnotes":""},"class_list":["post-825","page","type-page","status-publish","hentry"],"_links":{"self":[{"href":"https:\/\/tstgroup.hr\/de\/wp-json\/wp\/v2\/pages\/825","targetHints":{"allow":["GET"]}}],"collection":[{"href":"https:\/\/tstgroup.hr\/de\/wp-json\/wp\/v2\/pages"}],"about":[{"href":"https:\/\/tstgroup.hr\/de\/wp-json\/wp\/v2\/types\/page"}],"author":[{"embeddable":true,"href":"https:\/\/tstgroup.hr\/de\/wp-json\/wp\/v2\/users\/1"}],"replies":[{"embeddable":true,"href":"https:\/\/tstgroup.hr\/de\/wp-json\/wp\/v2\/comments?post=825"}],"version-history":[{"count":4,"href":"https:\/\/tstgroup.hr\/de\/wp-json\/wp\/v2\/pages\/825\/revisions"}],"predecessor-version":[{"id":830,"href":"https:\/\/tstgroup.hr\/de\/wp-json\/wp\/v2\/pages\/825\/revisions\/830"}],"wp:attachment":[{"href":"https:\/\/tstgroup.hr\/de\/wp-json\/wp\/v2\/media?parent=825"}],"curies":[{"name":"wp","href":"https:\/\/api.w.org\/{rel}","templated":true}]}}